{"id":3603,"date":"2025-06-12T10:53:35","date_gmt":"2025-06-12T10:53:35","guid":{"rendered":"https:\/\/labs4recovery.com\/?page_id=3603"},"modified":"2025-07-09T11:24:11","modified_gmt":"2025-07-09T11:24:11","slug":"politica-de-privacidad","status":"publish","type":"page","link":"https:\/\/labs4recovery.com\/es\/politica-de-privacidad\/","title":{"rendered":"Pol\u00edtica de privacidad"},"content":{"rendered":"\t\t<div data-elementor-type=\"wp-page\" data-elementor-id=\"3603\" class=\"elementor elementor-3603 elementor-1760\" data-elementor-post-type=\"page\">\n\t\t\t\t<div class=\"elementor-element elementor-element-bf90cbc e-flex e-con-boxed wpr-particle-no wpr-jarallax-no wpr-parallax-no wpr-sticky-section-no wpr-equal-height-no e-con e-parent\" data-id=\"bf90cbc\" data-element_type=\"container\" data-e-type=\"container\">\n\t\t\t\t\t<div class=\"e-con-inner\">\n\t\t\t\t<div class=\"elementor-element elementor-element-48a430e elementor-widget elementor-widget-text-editor\" data-id=\"48a430e\" data-element_type=\"widget\" data-e-type=\"widget\" data-widget_type=\"text-editor.default\">\n\t\t\t\t<div class=\"elementor-widget-container\">\n\t\t\t\t\t\t\t\t\t<h2 data-start=\"108\" data-end=\"137\"><strong data-start=\"111\" data-end=\"137\">Pol\u00edtica de Privacidad<\/strong><\/h2><h3 data-start=\"139\" data-end=\"166\">1. La presente Pol\u00edtica<\/h3><p data-start=\"168\" data-end=\"580\">La presente Pol\u00edtica es emitida por las entidades enumeradas en la Secci\u00f3n (L) m\u00e1s abajo (en conjunto, LABS 4 Recovery). Est\u00e1 dirigida a personas externas a nuestra organizaci\u00f3n con las que interactuamos, incluidos visitantes de nuestros sitios web (\u201cSitios Web\u201d), clientes y usuarios de nuestros servicios (en conjunto, \u201cel titular\u201d). Las definiciones de los t\u00e9rminos utilizados se encuentran en la Secci\u00f3n (M).<\/p><p data-start=\"582\" data-end=\"885\">A efectos de esta Pol\u00edtica, LABS 4 Recovery es la entidad Responsable del Tratamiento de los Datos Personales del titular. La informaci\u00f3n de contacto se proporciona en la Secci\u00f3n (L), para que la entidad competente pueda responder a cualquier consulta sobre el uso y tratamiento de sus datos personales.<\/p><p data-start=\"887\" data-end=\"1090\">Esta Pol\u00edtica podr\u00e1 modificarse peri\u00f3dicamente para reflejar cambios en las pr\u00e1cticas de tratamiento de datos personales o en la legislaci\u00f3n aplicable. Recomendamos consultar esta p\u00e1gina con regularidad.<\/p><hr data-start=\"1092\" data-end=\"1095\" \/><h3 data-start=\"1097\" data-end=\"1125\">2. Minimizaci\u00f3n de Datos<\/h3><p data-start=\"1127\" data-end=\"1349\">Adoptamos todas las medidas razonables para garantizar que los Datos Personales que tratamos se limiten estrictamente a lo necesario para los fines descritos en esta Pol\u00edtica (incluida la prestaci\u00f3n de nuestros servicios).<\/p><hr data-start=\"1351\" data-end=\"1354\" \/><h3 data-start=\"1356\" data-end=\"1405\">3. Divulgaci\u00f3n de Datos Personales a Terceros<\/h3><p data-start=\"1407\" data-end=\"1680\">Podemos divulgar los Datos Personales del titular a otras entidades de LABS 4 Recovery, para el cumplimiento de obligaciones contractuales o fines comerciales leg\u00edtimos (incluida la operaci\u00f3n de Sitios Web y la prestaci\u00f3n de servicios), de conformidad con la ley aplicable.<\/p><p data-start=\"1682\" data-end=\"1716\">Tambi\u00e9n podremos divulgar datos a:<\/p><ul data-start=\"1718\" data-end=\"2444\"><li data-start=\"1718\" data-end=\"1824\"><p data-start=\"1720\" data-end=\"1824\">Autoridades legales y reguladoras, cuando as\u00ed lo soliciten o en caso de sospecha de violaci\u00f3n de la ley;<\/p><\/li><li data-start=\"1825\" data-end=\"1922\"><p data-start=\"1827\" data-end=\"1922\">Asesores externos (abogados, auditores, contables), sujetos a obligaciones de confidencialidad;<\/p><\/li><li data-start=\"1923\" data-end=\"2133\"><p data-start=\"1925\" data-end=\"2133\">Encargados de tratamiento (p. ej., empresas de mensajer\u00eda, proveedores de servicios t\u00e9cnicos, operadores de \u201clive chat\u201d, etc.) conforme a contratos que garanticen la confidencialidad y seguridad de los datos;<\/p><\/li><li data-start=\"2134\" data-end=\"2241\"><p data-start=\"2136\" data-end=\"2241\">Terceros relevantes o tribunales, para ejercer o defender derechos legales, o en investigaciones penales;<\/p><\/li><li data-start=\"2242\" data-end=\"2335\"><p data-start=\"2244\" data-end=\"2335\">Potenciales adquirentes, en caso de fusi\u00f3n, venta, reorganizaci\u00f3n o liquidaci\u00f3n de activos;<\/p><\/li><li data-start=\"2336\" data-end=\"2444\"><p data-start=\"2338\" data-end=\"2444\">Plataformas sociales externas, si el titular interact\u00faa con contenidos de terceros en nuestros Sitios Web.<\/p><\/li><\/ul><p data-start=\"2446\" data-end=\"2710\">Siempre que se contrate a un Encargado de Tratamiento, se suscribir\u00e1 un contrato que imponga:<br \/>(i) tratamiento \u00fanicamente conforme a las instrucciones de LABS 4 Recovery;<br \/>(ii) medidas adecuadas de protecci\u00f3n de datos;<br \/>(iii) cumplimiento de la legislaci\u00f3n aplicable.<\/p><p data-start=\"2712\" data-end=\"2857\">LABS 4 Recovery seguir\u00e1 siendo responsable del cumplimiento de la ley y se asegurar\u00e1 de que los terceros adopten los mismos niveles de seguridad.<\/p><p data-start=\"2859\" data-end=\"2955\">Los datos anonimizados sobre el uso de los Sitios Web podr\u00e1n compartirse con socios comerciales.<\/p><hr data-start=\"2957\" data-end=\"2960\" \/><h3 data-start=\"2962\" data-end=\"2991\">4. Seguridad de los Datos<\/h3><p data-start=\"2993\" data-end=\"3140\">Hemos adoptado medidas t\u00e9cnicas y organizativas para proteger los datos personales contra destrucci\u00f3n, p\u00e9rdida, acceso o tratamiento no autorizado.<\/p><p data-start=\"3142\" data-end=\"3220\">El titular debe asegurarse de que los datos enviados lo sean de manera segura.<\/p><hr data-start=\"3222\" data-end=\"3225\" \/><h3 data-start=\"3227\" data-end=\"3256\">5. Exactitud de los Datos<\/h3><p data-start=\"3258\" data-end=\"3296\">Adoptamos medidas para garantizar que:<\/p><ul data-start=\"3298\" data-end=\"3412\"><li data-start=\"3298\" data-end=\"3353\"><p data-start=\"3300\" data-end=\"3353\">Los datos tratados sean exactos y est\u00e9n actualizados;<\/p><\/li><li data-start=\"3354\" data-end=\"3412\"><p data-start=\"3356\" data-end=\"3412\">Los datos incorrectos se corrijan o eliminen sin demora.<\/p><\/li><\/ul><p data-start=\"3414\" data-end=\"3491\">Podemos solicitar, peri\u00f3dicamente, confirmaci\u00f3n de la exactitud de los datos.<\/p><hr data-start=\"3493\" data-end=\"3496\" \/><h3 data-start=\"3498\" data-end=\"3526\">6. Conservaci\u00f3n de Datos<\/h3><p data-start=\"3528\" data-end=\"3645\">Mantenemos los datos \u00fanicamente durante el tiempo necesario para los fines previstos en esta Pol\u00edtica, en particular:<\/p><ul data-start=\"3647\" data-end=\"3827\"><li data-start=\"3647\" data-end=\"3732\"><p data-start=\"3649\" data-end=\"3732\">Mientras dure la relaci\u00f3n con el titular (p. ej., suscripciones, uso de servicios);<\/p><\/li><li data-start=\"3733\" data-end=\"3827\"><p data-start=\"3735\" data-end=\"3827\">Mientras exista una base legal v\u00e1lida (p. ej., cumplimiento contractual o obligaci\u00f3n legal).<\/p><\/li><\/ul><p data-start=\"3829\" data-end=\"3874\">Adicionalmente, los datos podr\u00e1n conservarse:<\/p><ul data-start=\"3876\" data-end=\"3994\"><li data-start=\"3876\" data-end=\"3927\"><p data-start=\"3878\" data-end=\"3927\">Durante el plazo de prescripci\u00f3n legal aplicable;<\/p><\/li><li data-start=\"3928\" data-end=\"3994\"><p data-start=\"3930\" data-end=\"3994\">Por 2 meses m\u00e1s tras dicho plazo, en caso de necesidad judicial.<\/p><\/li><\/ul><p data-start=\"3996\" data-end=\"4115\">Durante este per\u00edodo, el tratamiento se limitar\u00e1 al almacenamiento seguro, salvo que sea necesario acceder a los datos.<\/p><p data-start=\"4117\" data-end=\"4191\">Transcurrido este periodo, los datos ser\u00e1n destruidos de forma permanente.<\/p><hr data-start=\"4193\" data-end=\"4196\" \/><h3 data-start=\"4198\" data-end=\"4225\">7. Derechos del Titular<\/h3><p data-start=\"4227\" data-end=\"4315\">En virtud de la legislaci\u00f3n aplicable, el titular podr\u00e1 ejercer los siguientes derechos:<\/p><ul data-start=\"4317\" data-end=\"4685\"><li data-start=\"4317\" data-end=\"4347\"><p data-start=\"4319\" data-end=\"4347\">Acceso y copia de sus datos;<\/p><\/li><li data-start=\"4348\" data-end=\"4383\"><p data-start=\"4350\" data-end=\"4383\">Rectificaci\u00f3n de datos inexactos;<\/p><\/li><li data-start=\"4384\" data-end=\"4452\"><p data-start=\"4386\" data-end=\"4452\">Supresi\u00f3n o limitaci\u00f3n del tratamiento, con fundamentos leg\u00edtimos;<\/p><\/li><li data-start=\"4453\" data-end=\"4507\"><p data-start=\"4455\" data-end=\"4507\">Oposici\u00f3n al tratamiento, con fundamentos leg\u00edtimos;<\/p><\/li><li data-start=\"4508\" data-end=\"4552\"><p data-start=\"4510\" data-end=\"4552\">Portabilidad de los datos, cuando proceda;<\/p><\/li><li data-start=\"4553\" data-end=\"4621\"><p data-start=\"4555\" data-end=\"4621\">Retirada del consentimiento (sin afectar al tratamiento anterior);<\/p><\/li><li data-start=\"4622\" data-end=\"4685\"><p data-start=\"4624\" data-end=\"4685\">Reclamar ante la autoridad de protecci\u00f3n de datos competente.<\/p><\/li><\/ul><p data-start=\"4687\" data-end=\"4767\">Para ejercer cualquier derecho, cont\u00e1ctenos seg\u00fan lo indicado en la Secci\u00f3n (L).<\/p><hr data-start=\"4769\" data-end=\"4772\" \/><h3 data-start=\"4774\" data-end=\"4788\">8. Cookies<\/h3><p data-start=\"4790\" data-end=\"4939\">Utilizamos cookies para recopilar datos del dispositivo, navegador y comportamiento de navegaci\u00f3n. Su uso se describe en nuestra Pol\u00edtica de Cookies.<\/p><hr data-start=\"4941\" data-end=\"4944\" \/><h3 data-start=\"4946\" data-end=\"4968\">9. T\u00e9rminos de Uso<\/h3><p data-start=\"4970\" data-end=\"5078\">El uso de nuestros Sitios Web est\u00e1 sujeto a nuestros T\u00e9rminos y Condiciones y a esta Pol\u00edtica de Privacidad.<\/p><hr data-start=\"5080\" data-end=\"5083\" \/><h3 data-start=\"5085\" data-end=\"5110\">10. Marketing Directo<\/h3><p data-start=\"5112\" data-end=\"5342\">Con base en el consentimiento o en inter\u00e9s leg\u00edtimo (p. ej., clientes actuales), podemos utilizar datos para ponernos en contacto v\u00eda correo electr\u00f3nico, tel\u00e9fono u otros medios, con informaci\u00f3n relevante sobre nuestros servicios.<\/p><p data-start=\"5344\" data-end=\"5446\">El titular puede darse de baja en cualquier momento a trav\u00e9s del enlace presente en cada comunicaci\u00f3n.<\/p><p data-start=\"5448\" data-end=\"5597\">Tras la baja, LABS 4 Recovery cesar\u00e1 los contactos promocionales, manteniendo solo aquellos estrictamente necesarios para la prestaci\u00f3n de servicios.<\/p><hr data-start=\"5599\" data-end=\"5602\" \/><h3 data-start=\"5604\" data-end=\"5643\">11. Tratamiento de Datos Personales<\/h3><p data-start=\"5645\" data-end=\"5658\"><strong data-start=\"5645\" data-end=\"5658\">Recogida:<\/strong><\/p><ul data-start=\"5660\" data-end=\"5894\"><li data-start=\"5660\" data-end=\"5735\"><p data-start=\"5662\" data-end=\"5735\">Contactos v\u00eda correo electr\u00f3nico, tel\u00e9fono o formularios en el sitio web;<\/p><\/li><li data-start=\"5736\" data-end=\"5821\"><p data-start=\"5738\" data-end=\"5821\">Visita a los Sitios Web (p. ej.: direcci\u00f3n IP, navegador, idioma, ubicaci\u00f3n, etc.);<\/p><\/li><li data-start=\"5822\" data-end=\"5894\"><p data-start=\"5824\" data-end=\"5894\">Prestaci\u00f3n de servicios (p. ej.: registro de interacciones y pedidos).<\/p><\/li><\/ul><p data-start=\"5896\" data-end=\"5929\"><strong data-start=\"5896\" data-end=\"5929\">Creaci\u00f3n de Datos Personales:<\/strong><\/p><ul data-start=\"5931\" data-end=\"5995\"><li data-start=\"5931\" data-end=\"5995\"><p data-start=\"5933\" data-end=\"5995\">Registros de interacciones, historial de pedidos, entre otros.<\/p><\/li><\/ul><p data-start=\"5997\" data-end=\"6026\"><strong data-start=\"5997\" data-end=\"6026\">Finalidad y Conservaci\u00f3n:<\/strong><\/p><div class=\"_tableContainer_80l1q_1\"><div class=\"_tableWrapper_80l1q_14 group flex w-fit flex-col-reverse\" tabindex=\"-1\"><table class=\"w-fit min-w-(--thread-content-width)\" data-start=\"6028\" data-end=\"6470\"><thead data-start=\"6028\" data-end=\"6077\"><tr data-start=\"6028\" data-end=\"6077\"><th data-start=\"6028\" data-end=\"6036\" data-col-size=\"md\">Campo<\/th><th data-start=\"6036\" data-end=\"6048\" data-col-size=\"sm\">Finalidad<\/th><th data-start=\"6048\" data-end=\"6061\" data-col-size=\"sm\">Base Legal<\/th><th data-start=\"6061\" data-end=\"6077\" data-col-size=\"sm\">Conservaci\u00f3n<\/th><\/tr><\/thead><tbody data-start=\"6104\" data-end=\"6470\"><tr data-start=\"6104\" data-end=\"6159\"><td data-start=\"6104\" data-end=\"6110\" data-col-size=\"md\">NIF<\/td><td data-col-size=\"sm\" data-start=\"6110\" data-end=\"6131\">Cumplimiento legal<\/td><td data-col-size=\"sm\" data-start=\"6131\" data-end=\"6148\">Art. 52.\u00ba CIVA<\/td><td data-col-size=\"sm\" data-start=\"6148\" data-end=\"6159\">10 a\u00f1os<\/td><\/tr><tr data-start=\"6160\" data-end=\"6226\"><td data-start=\"6160\" data-end=\"6166\" data-col-size=\"md\">CPF<\/td><td data-col-size=\"sm\" data-start=\"6166\" data-end=\"6187\">Cumplimiento legal<\/td><td data-col-size=\"sm\" data-start=\"6187\" data-end=\"6216\">C\u00f3digo Tributario Nacional<\/td><td data-col-size=\"sm\" data-start=\"6216\" data-end=\"6226\">5 a\u00f1os<\/td><\/tr><tr data-start=\"6227\" data-end=\"6357\"><td data-start=\"6227\" data-end=\"6282\" data-col-size=\"md\">Dispositivo \/ Fabricante \/ Capacidad \/ Modelo \/ etc.<\/td><td data-start=\"6282\" data-end=\"6311\" data-col-size=\"sm\">Elaboraci\u00f3n de presupuesto<\/td><td data-col-size=\"sm\" data-start=\"6311\" data-end=\"6347\">C\u00f3digo Civil \/ Ley del Consumidor<\/td><td data-col-size=\"sm\" data-start=\"6347\" data-end=\"6357\">5 a\u00f1os<\/td><\/tr><tr data-start=\"6358\" data-end=\"6470\"><td data-start=\"6358\" data-end=\"6399\" data-col-size=\"md\">Nombre \/ Email \/ Tel\u00e9fonos \/ Direcci\u00f3n<\/td><td data-col-size=\"sm\" data-start=\"6399\" data-end=\"6424\">Contacto y facturaci\u00f3n<\/td><td data-col-size=\"sm\" data-start=\"6424\" data-end=\"6460\">C\u00f3digo Civil \/ Ley del Consumidor<\/td><td data-col-size=\"sm\" data-start=\"6460\" data-end=\"6470\">5 a\u00f1os<\/td><\/tr><\/tbody><\/table><div class=\"sticky end-(--thread-content-margin) h-0 self-end select-none\"><div class=\"absolute end-0 flex items-end\">\u00a0<\/div><\/div><\/div><\/div><p data-start=\"6472\" data-end=\"6488\"><strong data-start=\"6472\" data-end=\"6488\">Destrucci\u00f3n:<\/strong><\/p><ul data-start=\"6490\" data-end=\"6650\"><li data-start=\"6490\" data-end=\"6523\"><p data-start=\"6492\" data-end=\"6523\">Documentos f\u00edsicos: triturados;<\/p><\/li><li data-start=\"6524\" data-end=\"6592\"><p data-start=\"6526\" data-end=\"6592\">Datos digitales: eliminados de forma segura tras expirar el plazo;<\/p><\/li><li data-start=\"6593\" data-end=\"6650\"><p data-start=\"6595\" data-end=\"6650\">Datos recuperados: eliminados tras el env\u00edo al cliente.<\/p><\/li><\/ul><hr data-start=\"6652\" data-end=\"6655\" \/><h3 data-start=\"6657\" data-end=\"6688\">12. Informaci\u00f3n de Contacto<\/h3><p data-start=\"6690\" data-end=\"6774\">En caso de dudas sobre esta Pol\u00edtica o sobre el tratamiento de sus datos personales:<\/p><p data-start=\"6776\" data-end=\"6893\"><strong data-start=\"6776\" data-end=\"6789\">Portugal:<\/strong><br data-start=\"6789\" data-end=\"6792\" \/>LABS 4 Recovery<br data-start=\"6807\" data-end=\"6810\" \/>Rua de Alcamim n\u00ba65<br data-start=\"6829\" data-end=\"6832\" \/>Elvas, Portugal, CP 7350-074<br data-start=\"6860\" data-end=\"6863\" \/>\ud83d\udce7 <a class=\"cursor-pointer\" rel=\"noopener\" data-start=\"6866\" data-end=\"6893\">solutions@labs4recovery.com<\/a><\/p><p data-start=\"6895\" data-end=\"7085\"><strong data-start=\"6895\" data-end=\"6906\">Espa\u00f1a:<\/strong><br data-start=\"6906\" data-end=\"6909\" \/>LABS 4 Recovery Recuperaci\u00f3n de Datos LTDA<br data-start=\"6951\" data-end=\"6954\" \/>Parque Cient\u00edfico y Tecnol\u00f3gico de Extremadura<br data-start=\"7000\" data-end=\"7003\" \/>Campus Universitario, Av. Elvas SN, 06006 Badajoz<br data-start=\"7052\" data-end=\"7055\" \/>\ud83d\udce7 <a class=\"cursor-pointer\" rel=\"noopener\" data-start=\"7058\" data-end=\"7085\">solutions@labs4recovery.com<\/a><\/p><p data-start=\"7087\" data-end=\"7297\">\u201cResponsable del Tratamiento\u201d es la entidad que decide c\u00f3mo y por qu\u00e9 se tratan los datos personales. En varias jurisdicciones, es legalmente responsable del cumplimiento de la normativa de protecci\u00f3n de datos.<\/p><p data-start=\"7299\" data-end=\"7335\"><strong data-start=\"7299\" data-end=\"7324\">\u00daltima actualizaci\u00f3n:<\/strong> 12\/06\/2025<\/p>\t\t\t\t\t\t\t\t<\/div>\n\t\t\t\t<\/div>\n\t\t\t\t\t<\/div>\n\t\t\t\t<\/div>\n\t\t\t\t<\/div>\n\t\t","protected":false},"excerpt":{"rendered":"<p>Pol\u00edtica de Privacidad 1. La presente Pol\u00edtica La presente Pol\u00edtica es emitida por las entidades enumeradas en la Secci\u00f3n (L) m\u00e1s abajo (en conjunto, LABS 4 Recovery). Est\u00e1 dirigida a personas externas a nuestra organizaci\u00f3n con las que interactuamos, incluidos visitantes de nuestros sitios web (\u201cSitios Web\u201d), clientes y usuarios de nuestros servicios (en conjunto, \u201cel titular\u201d). Las definiciones de los t\u00e9rminos utilizados se encuentran en la Secci\u00f3n (M). A efectos de esta Pol\u00edtica, LABS 4 Recovery es la entidad Responsable del Tratamiento de los Datos Personales del titular. La informaci\u00f3n de contacto se proporciona en la Secci\u00f3n (L), para que la entidad competente pueda responder a cualquier consulta sobre el uso y tratamiento de sus datos personales. Esta Pol\u00edtica podr\u00e1 modificarse peri\u00f3dicamente para reflejar cambios en las pr\u00e1cticas de tratamiento de datos personales o en la legislaci\u00f3n aplicable. Recomendamos consultar esta p\u00e1gina con regularidad. 2. Minimizaci\u00f3n de Datos Adoptamos todas las medidas razonables para garantizar que los Datos Personales que tratamos se limiten estrictamente a lo necesario para los fines descritos en esta Pol\u00edtica (incluida la prestaci\u00f3n de nuestros servicios). 3. Divulgaci\u00f3n de Datos Personales a Terceros Podemos divulgar los Datos Personales del titular a otras entidades de LABS 4 Recovery, para el cumplimiento de obligaciones contractuales o fines comerciales leg\u00edtimos (incluida la operaci\u00f3n de Sitios Web y la prestaci\u00f3n de servicios), de conformidad con la ley aplicable. Tambi\u00e9n podremos divulgar datos a: Autoridades legales y reguladoras, cuando as\u00ed lo soliciten o en caso de sospecha de violaci\u00f3n de la ley; Asesores externos (abogados, auditores, contables), sujetos a obligaciones de confidencialidad; Encargados de tratamiento (p. ej., empresas de mensajer\u00eda, proveedores de servicios t\u00e9cnicos, operadores de \u201clive chat\u201d, etc.) conforme a contratos que garanticen la confidencialidad y seguridad de los datos; Terceros relevantes o tribunales, para ejercer o defender derechos legales, o en investigaciones penales; Potenciales adquirentes, en caso de fusi\u00f3n, venta, reorganizaci\u00f3n o liquidaci\u00f3n de activos; Plataformas sociales externas, si el titular interact\u00faa con contenidos de terceros en nuestros Sitios Web. Siempre que se contrate a un Encargado de Tratamiento, se suscribir\u00e1 un contrato que imponga:(i) tratamiento \u00fanicamente conforme a las instrucciones de LABS 4 Recovery;(ii) medidas adecuadas de protecci\u00f3n de datos;(iii) cumplimiento de la legislaci\u00f3n aplicable. LABS 4 Recovery seguir\u00e1 siendo responsable del cumplimiento de la ley y se asegurar\u00e1 de que los terceros adopten los mismos niveles de seguridad. Los datos anonimizados sobre el uso de los Sitios Web podr\u00e1n compartirse con socios comerciales. 4. Seguridad de los Datos Hemos adoptado medidas t\u00e9cnicas y organizativas para proteger los datos personales contra destrucci\u00f3n, p\u00e9rdida, acceso o tratamiento no autorizado. El titular debe asegurarse de que los datos enviados lo sean de manera segura. 5. Exactitud de los Datos Adoptamos medidas para garantizar que: Los datos tratados sean exactos y est\u00e9n actualizados; Los datos incorrectos se corrijan o eliminen sin demora. Podemos solicitar, peri\u00f3dicamente, confirmaci\u00f3n de la exactitud de los datos. 6. Conservaci\u00f3n de Datos Mantenemos los datos \u00fanicamente durante el tiempo necesario para los fines previstos en esta Pol\u00edtica, en particular: Mientras dure la relaci\u00f3n con el titular (p. ej., suscripciones, uso de servicios); Mientras exista una base legal v\u00e1lida (p. ej., cumplimiento contractual o obligaci\u00f3n legal). Adicionalmente, los datos podr\u00e1n conservarse: Durante el plazo de prescripci\u00f3n legal aplicable; Por 2 meses m\u00e1s tras dicho plazo, en caso de necesidad judicial. Durante este per\u00edodo, el tratamiento se limitar\u00e1 al almacenamiento seguro, salvo que sea necesario acceder a los datos. Transcurrido este periodo, los datos ser\u00e1n destruidos de forma permanente. 7. Derechos del Titular En virtud de la legislaci\u00f3n aplicable, el titular podr\u00e1 ejercer los siguientes derechos: Acceso y copia de sus datos; Rectificaci\u00f3n de datos inexactos; Supresi\u00f3n o limitaci\u00f3n del tratamiento, con fundamentos leg\u00edtimos; Oposici\u00f3n al tratamiento, con fundamentos leg\u00edtimos; Portabilidad de los datos, cuando proceda; Retirada del consentimiento (sin afectar al tratamiento anterior); Reclamar ante la autoridad de protecci\u00f3n de datos competente. Para ejercer cualquier derecho, cont\u00e1ctenos seg\u00fan lo indicado en la Secci\u00f3n (L). 8. Cookies Utilizamos cookies para recopilar datos del dispositivo, navegador y comportamiento de navegaci\u00f3n. Su uso se describe en nuestra Pol\u00edtica de Cookies. 9. T\u00e9rminos de Uso El uso de nuestros Sitios Web est\u00e1 sujeto a nuestros T\u00e9rminos y Condiciones y a esta Pol\u00edtica de Privacidad. 10. Marketing Directo Con base en el consentimiento o en inter\u00e9s leg\u00edtimo (p. ej., clientes actuales), podemos utilizar datos para ponernos en contacto v\u00eda correo electr\u00f3nico, tel\u00e9fono u otros medios, con informaci\u00f3n relevante sobre nuestros servicios. El titular puede darse de baja en cualquier momento a trav\u00e9s del enlace presente en cada comunicaci\u00f3n. Tras la baja, LABS 4 Recovery cesar\u00e1 los contactos promocionales, manteniendo solo aquellos estrictamente necesarios para la prestaci\u00f3n de servicios. 11. Tratamiento de Datos Personales Recogida: Contactos v\u00eda correo electr\u00f3nico, tel\u00e9fono o formularios en el sitio web; Visita a los Sitios Web (p. ej.: direcci\u00f3n IP, navegador, idioma, ubicaci\u00f3n, etc.); Prestaci\u00f3n de servicios (p. ej.: registro de interacciones y pedidos). Creaci\u00f3n de Datos Personales: Registros de interacciones, historial de pedidos, entre otros. Finalidad y Conservaci\u00f3n: Campo Finalidad Base Legal Conservaci\u00f3n NIF Cumplimiento legal Art. 52.\u00ba CIVA 10 a\u00f1os CPF Cumplimiento legal C\u00f3digo Tributario Nacional 5 a\u00f1os Dispositivo \/ Fabricante \/ Capacidad \/ Modelo \/ etc. Elaboraci\u00f3n de presupuesto C\u00f3digo Civil \/ Ley del Consumidor 5 a\u00f1os Nombre \/ Email \/ Tel\u00e9fonos \/ Direcci\u00f3n Contacto y facturaci\u00f3n C\u00f3digo Civil \/ Ley del Consumidor 5 a\u00f1os \u00a0 Destrucci\u00f3n: Documentos f\u00edsicos: triturados; Datos digitales: eliminados de forma segura tras expirar el plazo; Datos recuperados: eliminados tras el env\u00edo al cliente. 12. Informaci\u00f3n de Contacto En caso de dudas sobre esta Pol\u00edtica o sobre el tratamiento de sus datos personales: Portugal:LABS 4 RecoveryRua de Alcamim n\u00ba65Elvas, Portugal, CP 7350-074???? solutions@labs4recovery.com Espa\u00f1a:LABS 4 Recovery Recuperaci\u00f3n de Datos LTDAParque Cient\u00edfico y Tecnol\u00f3gico de ExtremaduraCampus Universitario, Av. Elvas SN, 06006 Badajoz???? solutions@labs4recovery.com \u201cResponsable del Tratamiento\u201d es la entidad que decide c\u00f3mo y por qu\u00e9 se tratan los datos personales. En varias jurisdicciones, es legalmente responsable del cumplimiento de la normativa de protecci\u00f3n de datos. \u00daltima actualizaci\u00f3n: 12\/06\/2025<\/p>\n","protected":false},"author":1,"featured_media":0,"parent":0,"menu_order":0,"comment_status":"closed","ping_status":"closed","template":"elementor_canvas","meta":{"footnotes":""},"class_list":["post-3603","page","type-page","status-publish","hentry"],"_links":{"self":[{"href":"https:\/\/labs4recovery.com\/es\/wp-json\/wp\/v2\/pages\/3603","targetHints":{"allow":["GET"]}}],"collection":[{"href":"https:\/\/labs4recovery.com\/es\/wp-json\/wp\/v2\/pages"}],"about":[{"href":"https:\/\/labs4recovery.com\/es\/wp-json\/wp\/v2\/types\/page"}],"author":[{"embeddable":true,"href":"https:\/\/labs4recovery.com\/es\/wp-json\/wp\/v2\/users\/1"}],"replies":[{"embeddable":true,"href":"https:\/\/labs4recovery.com\/es\/wp-json\/wp\/v2\/comments?post=3603"}],"version-history":[{"count":0,"href":"https:\/\/labs4recovery.com\/es\/wp-json\/wp\/v2\/pages\/3603\/revisions"}],"wp:attachment":[{"href":"https:\/\/labs4recovery.com\/es\/wp-json\/wp\/v2\/media?parent=3603"}],"curies":[{"name":"wp","href":"https:\/\/api.w.org\/{rel}","templated":true}]}}